{"id":13635,"date":"2020-04-14T01:06:39","date_gmt":"2020-04-14T01:06:39","guid":{"rendered":"http:\/\/lauravipescort.com\/?page_id=13635"},"modified":"2023-09-05T19:44:01","modified_gmt":"2023-09-05T19:44:01","slug":"d-u-k","status":"publish","type":"page","link":"https:\/\/lauravipescort.com\/en\/d-u-k\/","title":{"rendered":"F.A.Q"},"content":{"rendered":"<div data-elementor-type=\"wp-page\" data-elementor-id=\"13635\" class=\"elementor elementor-13635\">\n\t\t\t\t\t\t<section class=\"elementor-section elementor-top-section elementor-element elementor-element-39e5d17 elementor-section-boxed elementor-section-height-default elementor-section-height-default\" data-id=\"39e5d17\" data-element_type=\"section\" data-e-type=\"section\">\n\t\t\t\t\t\t<div class=\"elementor-container elementor-column-gap-no\">\n\t\t\t\t\t<div class=\"elementor-column elementor-col-33 elementor-top-column elementor-element elementor-element-41742b6\" data-id=\"41742b6\" data-element_type=\"column\" data-e-type=\"column\">\n\t\t\t<div class=\"elementor-widget-wrap elementor-element-populated\">\n\t\t\t\t\t\t<div class=\"elementor-element elementor-element-be08f69 elementor-widget elementor-widget-lte-header\" data-id=\"be08f69\" data-element_type=\"widget\" data-e-type=\"widget\" data-widget_type=\"lte-header.default\">\n\t\t\t\t<div class=\"elementor-widget-container\">\n\t\t\t\t\t<div class=\"lte-heading default lte-subcolor-main heading-tag-h3\"><h3 class=\"lte-header\">Frequently asked questions <\/h3><\/div>\t\t\t\t<\/div>\n\t\t\t\t<\/div>\n\t\t\t\t<div class=\"elementor-element elementor-element-6e9f886 elementor-widget elementor-widget-text-editor\" data-id=\"6e9f886\" data-element_type=\"widget\" data-e-type=\"widget\" data-widget_type=\"text-editor.default\">\n\t\t\t\t<div class=\"elementor-widget-container\">\n\t\t\t\t\t\t\t\t\t<p>Tikiuosi, kad \u0161ioje skiltyje rasite atsakymus \u012f Jus dominan\u010dius klausimus. Prie\u0161ingu atveju visada galite <a href=\"http:\/\/lauravipescort.com\/en\/kontaktai\/\">call<\/a> and ask directly.<\/p>\t\t\t\t\t\t\t\t<\/div>\n\t\t\t\t<\/div>\n\t\t\t\t<div class=\"elementor-element elementor-element-29f9857 elementor-widget elementor-widget-spacer\" data-id=\"29f9857\" data-element_type=\"widget\" data-e-type=\"widget\" data-widget_type=\"spacer.default\">\n\t\t\t\t<div class=\"elementor-widget-container\">\n\t\t\t\t\t\t\t<div class=\"elementor-spacer\">\n\t\t\t<div class=\"elementor-spacer-inner\"><\/div>\n\t\t<\/div>\n\t\t\t\t\t\t<\/div>\n\t\t\t\t<\/div>\n\t\t\t\t<div class=\"elementor-element elementor-element-98ac1a2 elementor-widget elementor-widget-lte-button\" data-id=\"98ac1a2\" data-element_type=\"widget\" data-e-type=\"widget\" data-widget_type=\"lte-button.default\">\n\t\t\t\t<div class=\"elementor-widget-container\">\n\t\t\t\t\t<div class=\"lte-btn-wrap\">\r\n\t<a href=\"http:\/\/lauravipescort.com\/en\/paslaugos\/\"  class=\"lte-btn  color-hover-default\"><span class=\"lte-btn-inner\"><span class=\"lte-btn-before\"><\/span>Services<span class=\"lte-btn-after\"><\/span><\/span><\/a><\/div>\t\t\t\t<\/div>\n\t\t\t\t<\/div>\n\t\t\t\t<div class=\"elementor-element elementor-element-3863223 elementor-widget elementor-widget-spacer\" data-id=\"3863223\" data-element_type=\"widget\" data-e-type=\"widget\" data-widget_type=\"spacer.default\">\n\t\t\t\t<div class=\"elementor-widget-container\">\n\t\t\t\t\t\t\t<div class=\"elementor-spacer\">\n\t\t\t<div class=\"elementor-spacer-inner\"><\/div>\n\t\t<\/div>\n\t\t\t\t\t\t<\/div>\n\t\t\t\t<\/div>\n\t\t\t\t\t<\/div>\n\t\t<\/div>\n\t\t\t\t<div class=\"elementor-column elementor-col-66 elementor-top-column elementor-element elementor-element-5078360\" data-id=\"5078360\" data-element_type=\"column\" data-e-type=\"column\">\n\t\t\t<div class=\"elementor-widget-wrap elementor-element-populated\">\n\t\t\t\t\t\t<div class=\"elementor-element elementor-element-f813584 elementor-widget elementor-widget-accordion\" data-id=\"f813584\" data-element_type=\"widget\" data-e-type=\"widget\" data-widget_type=\"accordion.default\">\n\t\t\t\t<div class=\"elementor-widget-container\">\n\t\t\t\t\t\t\t<div class=\"elementor-accordion\">\n\t\t\t\t\t\t\t<div class=\"elementor-accordion-item\">\n\t\t\t\t\t<div id=\"elementor-tab-title-2601\" class=\"elementor-tab-title\" data-tab=\"1\" role=\"button\" aria-controls=\"elementor-tab-content-2601\" aria-expanded=\"false\">\n\t\t\t\t\t\t\t\t\t\t\t\t\t<span class=\"elementor-accordion-icon elementor-accordion-icon-right\" aria-hidden=\"true\">\n\t\t\t\t\t\t\t\t\t\t\t\t\t\t\t<span class=\"elementor-accordion-icon-closed\"><i class=\"fas fa-plus\"><\/i><\/span>\n\t\t\t\t\t\t\t\t<span class=\"elementor-accordion-icon-opened\"><i class=\"fas fa-minus\"><\/i><\/span>\n\t\t\t\t\t\t\t\t\t\t\t\t\t\t<\/span>\n\t\t\t\t\t\t\t\t\t\t\t\t<a class=\"elementor-accordion-title\" tabindex=\"0\">What about confidentiality? Are you discreet?<\/a>\n\t\t\t\t\t<\/div>\n\t\t\t\t\t<div id=\"elementor-tab-content-2601\" class=\"elementor-tab-content elementor-clearfix\" data-tab=\"1\" role=\"region\" aria-labelledby=\"elementor-tab-title-2601\"><p>Suvokiu konfidencialumo svarb\u0105 bei to paties tikiuosi i\u0161 J\u016bs\u0173. Galite b\u016bti 100 % u\u017etikrintas, kad liksiu diskreti\u0161ka. Kas nutiks tarp m\u016bs\u0173 abiej\u0173, tas ir liks tarp m\u016bs\u0173. Vertinu savo privatum\u0105, tod\u0117l mano asmeninis gyvenimas ir romanti\u0161ki pasimatymai yra dvi atskiros sritys. Dalis mano klient\u0173 yra visuomen\u0117je gerai \u017einomi \u017emon\u0117s ir apie m\u016bs\u0173 slaptus pasimatymus i\u0161 man\u0119s tikrai niekas nesu\u017eino.<\/p><\/div>\n\t\t\t\t<\/div>\n\t\t\t\t\t\t\t<div class=\"elementor-accordion-item\">\n\t\t\t\t\t<div id=\"elementor-tab-title-2602\" class=\"elementor-tab-title\" data-tab=\"2\" role=\"button\" aria-controls=\"elementor-tab-content-2602\" aria-expanded=\"false\">\n\t\t\t\t\t\t\t\t\t\t\t\t\t<span class=\"elementor-accordion-icon elementor-accordion-icon-right\" aria-hidden=\"true\">\n\t\t\t\t\t\t\t\t\t\t\t\t\t\t\t<span class=\"elementor-accordion-icon-closed\"><i class=\"fas fa-plus\"><\/i><\/span>\n\t\t\t\t\t\t\t\t<span class=\"elementor-accordion-icon-opened\"><i class=\"fas fa-minus\"><\/i><\/span>\n\t\t\t\t\t\t\t\t\t\t\t\t\t\t<\/span>\n\t\t\t\t\t\t\t\t\t\t\t\t<a class=\"elementor-accordion-title\" tabindex=\"0\">Ar apsilankyti pas Jus b\u016bt\u0173 saugu ir patogu?<\/a>\n\t\t\t\t\t<\/div>\n\t\t\t\t\t<div id=\"elementor-tab-content-2602\" class=\"elementor-tab-content elementor-clearfix\" data-tab=\"2\" role=\"region\" aria-labelledby=\"elementor-tab-title-2602\"><p>I\u0161 vyr\u0173 neretai i\u0161girstu istorij\u0173 apie ne itin maloniu nuotykius, \u012f kuriuos jiems yra tek\u0119 \u012fsivelti ie\u0161kant erotinio masa\u017eo bei eskorto paslaug\u0173 kitur. Vagyst\u0117s, dingimai po avansini\u0173 mok\u0117jim\u0173, slaptai daryti video \u012fra\u0161ai ir \u0161anta\u017eas, istorijos su kvai\u0161alais, landynes primenantys \u201eplotai\u201c, juose buv\u0119 pa\u0161aliniai asmenys (vaikai, suteneriai) ir t.t.. \u00a0Deja, ta\u010diau visuomen\u0117s neretai vis dar stigmatizuotoje erotini\u0173 paslaug\u0173 srityje \u012fvairiausi ne itin malon\u016bs incidentai teb\u0117ra da\u017eni. Tod\u0117l j\u016bs\u0173 susir\u016bpinim\u0105 saugumu puikiai suprantu. A\u0161 dirbu s\u0105\u017einingai ir man r\u016bpi mano reputacija. Galb\u016bt tod\u0117l s\u0117kmingai realizuoju save \u0161ioje srityje ir per visus metus netgi nebuvo poreikio keisti adres\u0105 ar telefono numer\u012f.<\/p><p>Nedvejokite priimti kvietim\u0105 apsilankyti masa\u017eui arba romanti\u0161kam pasimatymui. Pasitiksiu Jus \u0161variuose, eleganti\u0161kuose ir stilingai \u012frengtuose apartamentuose miesto centre. Lengvas priva\u017eiavimas ir parkavimas (ofiso valandomis galimai teks sugai\u0161ti kelias minutes ie\u0161kant vietos prisiparkuoti). Pavai\u0161insiu gurmani\u0161ka kava arba arbata ir padovanosiu Jums savo nuostabi\u0105 \u0161ypsen\u0105. U\u017eburian\u010di\u0105 atmosfer\u0105 mano apartamentuose sukurs degan\u010dios \u017evak\u0117s, skambanti romanti\u0161ka muzika ir tik geriausio \u0161ilko patalyn\u0117, kurioje gal\u0117sime pasinerti \u012f svaiginan\u010dias aistras. Pasistengsiu, kad i\u0161eitum\u0117te laimingas, kupinas noro apsilankyti v\u0117l ir v\u0117l.<\/p><\/div>\n\t\t\t\t<\/div>\n\t\t\t\t\t\t\t<div class=\"elementor-accordion-item\">\n\t\t\t\t\t<div id=\"elementor-tab-title-2603\" class=\"elementor-tab-title\" data-tab=\"3\" role=\"button\" aria-controls=\"elementor-tab-content-2603\" aria-expanded=\"false\">\n\t\t\t\t\t\t\t\t\t\t\t\t\t<span class=\"elementor-accordion-icon elementor-accordion-icon-right\" aria-hidden=\"true\">\n\t\t\t\t\t\t\t\t\t\t\t\t\t\t\t<span class=\"elementor-accordion-icon-closed\"><i class=\"fas fa-plus\"><\/i><\/span>\n\t\t\t\t\t\t\t\t<span class=\"elementor-accordion-icon-opened\"><i class=\"fas fa-minus\"><\/i><\/span>\n\t\t\t\t\t\t\t\t\t\t\t\t\t\t<\/span>\n\t\t\t\t\t\t\t\t\t\t\t\t<a class=\"elementor-accordion-title\" tabindex=\"0\">Why are you doing this? Do you like what you do?<\/a>\n\t\t\t\t\t<\/div>\n\t\t\t\t\t<div id=\"elementor-tab-content-2603\" class=\"elementor-tab-content elementor-clearfix\" data-tab=\"3\" role=\"region\" aria-labelledby=\"elementor-tab-title-2603\"><p>I successfully realize myself in a professional field that is not related to the erotic industry, but for a long time I dreamed of trying myself in this role. Finally, I dared to realize my fantasy and now I absolutely love what I do. I enjoy discovering myself in different roles, including the roles of escort and masseuse. It is more than just work for me, so I do everything with sincerity and passion. Maybe this is the recipe for my success? Maybe that's why men are so happy to come back to me? I like to meet smart, passionate, sophisticated men and have a good time with them.<\/p><\/div>\n\t\t\t\t<\/div>\n\t\t\t\t\t\t\t<div class=\"elementor-accordion-item\">\n\t\t\t\t\t<div id=\"elementor-tab-title-2604\" class=\"elementor-tab-title\" data-tab=\"4\" role=\"button\" aria-controls=\"elementor-tab-content-2604\" aria-expanded=\"false\">\n\t\t\t\t\t\t\t\t\t\t\t\t\t<span class=\"elementor-accordion-icon elementor-accordion-icon-right\" aria-hidden=\"true\">\n\t\t\t\t\t\t\t\t\t\t\t\t\t\t\t<span class=\"elementor-accordion-icon-closed\"><i class=\"fas fa-plus\"><\/i><\/span>\n\t\t\t\t\t\t\t\t<span class=\"elementor-accordion-icon-opened\"><i class=\"fas fa-minus\"><\/i><\/span>\n\t\t\t\t\t\t\t\t\t\t\t\t\t\t<\/span>\n\t\t\t\t\t\t\t\t\t\t\t\t<a class=\"elementor-accordion-title\" tabindex=\"0\">How does the checkout work?<\/a>\n\t\t\t\t\t<\/div>\n\t\t\t\t\t<div id=\"elementor-tab-content-2604\" class=\"elementor-tab-content elementor-clearfix\" data-tab=\"4\" role=\"region\" aria-labelledby=\"elementor-tab-title-2604\"><p>Pinigai perduodami grynais susitikimo prad\u017eioje.<\/p><\/div>\n\t\t\t\t<\/div>\n\t\t\t\t\t\t\t<div class=\"elementor-accordion-item\">\n\t\t\t\t\t<div id=\"elementor-tab-title-2605\" class=\"elementor-tab-title\" data-tab=\"5\" role=\"button\" aria-controls=\"elementor-tab-content-2605\" aria-expanded=\"false\">\n\t\t\t\t\t\t\t\t\t\t\t\t\t<span class=\"elementor-accordion-icon elementor-accordion-icon-right\" aria-hidden=\"true\">\n\t\t\t\t\t\t\t\t\t\t\t\t\t\t\t<span class=\"elementor-accordion-icon-closed\"><i class=\"fas fa-plus\"><\/i><\/span>\n\t\t\t\t\t\t\t\t<span class=\"elementor-accordion-icon-opened\"><i class=\"fas fa-minus\"><\/i><\/span>\n\t\t\t\t\t\t\t\t\t\t\t\t\t\t<\/span>\n\t\t\t\t\t\t\t\t\t\t\t\t<a class=\"elementor-accordion-title\" tabindex=\"0\">Can you send your photos?<\/a>\n\t\t\t\t\t<\/div>\n\t\t\t\t\t<div id=\"elementor-tab-content-2605\" class=\"elementor-tab-content elementor-clearfix\" data-tab=\"5\" role=\"region\" aria-labelledby=\"elementor-tab-title-2605\"><p>I'm sorry, but I never send any photos of myself to potential clients. I've spent a lot of time and energy uploading photos to my website so you can see the full picture of me (just visit <a href=\"http:\/\/lauravipescort.com\/en\/nuotraukos\/\">here<\/a>). Photos are regularly updated and added. I hope this should be enough for you to fully decide whether you want to visit me.<\/p><\/div>\n\t\t\t\t<\/div>\n\t\t\t\t\t\t\t<div class=\"elementor-accordion-item\">\n\t\t\t\t\t<div id=\"elementor-tab-title-2606\" class=\"elementor-tab-title\" data-tab=\"6\" role=\"button\" aria-controls=\"elementor-tab-content-2606\" aria-expanded=\"false\">\n\t\t\t\t\t\t\t\t\t\t\t\t\t<span class=\"elementor-accordion-icon elementor-accordion-icon-right\" aria-hidden=\"true\">\n\t\t\t\t\t\t\t\t\t\t\t\t\t\t\t<span class=\"elementor-accordion-icon-closed\"><i class=\"fas fa-plus\"><\/i><\/span>\n\t\t\t\t\t\t\t\t<span class=\"elementor-accordion-icon-opened\"><i class=\"fas fa-minus\"><\/i><\/span>\n\t\t\t\t\t\t\t\t\t\t\t\t\t\t<\/span>\n\t\t\t\t\t\t\t\t\t\t\t\t<a class=\"elementor-accordion-title\" tabindex=\"0\">Can prices be negotiated?<\/a>\n\t\t\t\t\t<\/div>\n\t\t\t\t\t<div id=\"elementor-tab-content-2606\" class=\"elementor-tab-content elementor-clearfix\" data-tab=\"6\" role=\"region\" aria-labelledby=\"elementor-tab-title-2606\"><p>Maloniai pra\u0161au nesiteirauti d\u0117l nuolaid\u0173. Kokyb\u0117 visuomet turi savo kain\u0105. Retrospektyvi mano paslaug\u0173 ir infliacijos ap\u017evalga leid\u017eia prognozuoti, kad tos kainos tik augs. Jeigu manote, kad mano kainos yra pernelyg auk\u0161tos, visuomet galite paie\u0161koti kitos eskort\u0117s, kuri geriau atitiks J\u016bs\u0173 finansinius l\u016bkes\u010dius. O jeigu der\u0117jimasis yra J\u016bs\u0173 pom\u0117gis, tai ver\u010diau apsilankykite kokiame nors Egipto turguje \ud83d\ude42 Ir bukit geri, susilaikykite nuo komentar\u0173 i\u0161 serijos \u201eneadekvati kaina, ukrainiet\u0117s pra\u0161o po 40-50 EU\u201c. Kod\u0117l tur\u0117\u010diau \u012f jas lygiuotis? Eskorto paslaug\u0173 rinkoje (kitaip nepriklausom\u0173 elektros tiek\u0117j\u0173) kain\u0173 diapazonas gali labai skirtis prasidedant pvz. alaus bambaliu ir u\u017esibaigiant&#8230;. \u2013 vir\u0161utin\u0117s ribos \u010dia apskritai nesama \ud83d\ude00<\/p><\/div>\n\t\t\t\t<\/div>\n\t\t\t\t\t\t\t<div class=\"elementor-accordion-item\">\n\t\t\t\t\t<div id=\"elementor-tab-title-2607\" class=\"elementor-tab-title\" data-tab=\"7\" role=\"button\" aria-controls=\"elementor-tab-content-2607\" aria-expanded=\"false\">\n\t\t\t\t\t\t\t\t\t\t\t\t\t<span class=\"elementor-accordion-icon elementor-accordion-icon-right\" aria-hidden=\"true\">\n\t\t\t\t\t\t\t\t\t\t\t\t\t\t\t<span class=\"elementor-accordion-icon-closed\"><i class=\"fas fa-plus\"><\/i><\/span>\n\t\t\t\t\t\t\t\t<span class=\"elementor-accordion-icon-opened\"><i class=\"fas fa-minus\"><\/i><\/span>\n\t\t\t\t\t\t\t\t\t\t\t\t\t\t<\/span>\n\t\t\t\t\t\t\t\t\t\t\t\t<a class=\"elementor-accordion-title\" tabindex=\"0\">What services do you provide?<\/a>\n\t\t\t\t\t<\/div>\n\t\t\t\t\t<div id=\"elementor-tab-content-2607\" class=\"elementor-tab-content elementor-clearfix\" data-tab=\"7\" role=\"region\" aria-labelledby=\"elementor-tab-title-2607\"><p>Si\u016blau skirtingas paslaugas ir visuomet stengiuosi atlikti jas kuo kokybi\u0161kiau. Tod\u0117l u\u017etikrinu, kad kartu praleisim ger\u0105 laik\u0105, o a\u0161 visuomet busiu draugi\u0161ka ir stengsiuosi \u012fsiklausyti \u012f J\u016bs\u0173 l\u016bkes\u010dius bei pageidavimus. Kvie\u010diu apsilankyti skiltyje <a href=\"http:\/\/lauravipescort.com\/en\/paslaugos\/\">services<\/a> ir pamatyti piln\u0105 mano teikiam\u0173 paslaug\u0173 su apra\u0161ymais s\u0105ra\u0161\u0105. Taip pat, kad b\u016bt\u0173 ai\u0161kiau, nor\u0117\u010diau pabr\u0117\u017eti \u2013 taupant J\u016bs\u0173 ir mano laik\u0105, visada si\u016blau TIK SAUG\u0172 SEKS\u0104, tod\u0117l oralinis tik i\u0161 mano pus\u0117s bei su apsaug\u0117le. Bet kokiu atveju jeigu turite konkre\u010di\u0173 klausim\u0173 \u2013 paskambinkite ir gal\u0117sime aptarti tai individualia.<\/p><\/div>\n\t\t\t\t<\/div>\n\t\t\t\t\t\t\t<div class=\"elementor-accordion-item\">\n\t\t\t\t\t<div id=\"elementor-tab-title-2608\" class=\"elementor-tab-title\" data-tab=\"8\" role=\"button\" aria-controls=\"elementor-tab-content-2608\" aria-expanded=\"false\">\n\t\t\t\t\t\t\t\t\t\t\t\t\t<span class=\"elementor-accordion-icon elementor-accordion-icon-right\" aria-hidden=\"true\">\n\t\t\t\t\t\t\t\t\t\t\t\t\t\t\t<span class=\"elementor-accordion-icon-closed\"><i class=\"fas fa-plus\"><\/i><\/span>\n\t\t\t\t\t\t\t\t<span class=\"elementor-accordion-icon-opened\"><i class=\"fas fa-minus\"><\/i><\/span>\n\t\t\t\t\t\t\t\t\t\t\t\t\t\t<\/span>\n\t\t\t\t\t\t\t\t\t\t\t\t<a class=\"elementor-accordion-title\" tabindex=\"0\">How to contact you and book an appointment?<\/a>\n\t\t\t\t\t<\/div>\n\t\t\t\t\t<div id=\"elementor-tab-content-2608\" class=\"elementor-tab-content elementor-clearfix\" data-tab=\"8\" role=\"region\" aria-labelledby=\"elementor-tab-title-2608\"><p>Norint u\u017etikrinti galimyb\u0119 susitikti Jums patogiu laiku, rekomenduoju susisiekti i\u0161 anksto ir rezervuoti laik\u0105. Jeigu pageidaujate, kad Jus aplanky\u010diau u\u017esienyje (arba lyd\u0117\u010diau Jus \u012f kit\u0105 \u0161al\u012f), reik\u0117t\u0173 susitarti bent prie\u0161 savait\u0119. Ta\u010diau, J\u016bs\u0173 patogumui, taip pat suteikiu galimyb\u0119 apsilankyti be i\u0161ankstines registracijos. Jeigu pajutote, kad norite mane aplankyti \u010dia ir dabar \u2013 tiesiog paskambinkite man ir pabandykit savo s\u0117km\u0119. Nors prioritet\u0105 teikiu avansiniu mok\u0117jimu u\u017etvirtintiems i\u0161ankstiniams susitarimams, stengiuosi b\u016bti lanksti ir atvira spontani\u0161kiems pasi\u016blymams. Pas Jus, miesto ribose, be avansinio mok\u0117jimo apsilankyti nuspr\u0119siu tuo atveju, jeigu jau esame pa\u017e\u012fstami arba esu geros nuotaikos ir J\u016bs\u0173 pasi\u016blymas tiesiog mane \u012ftikino.<\/p><\/div>\n\t\t\t\t<\/div>\n\t\t\t\t\t\t\t<div class=\"elementor-accordion-item\">\n\t\t\t\t\t<div id=\"elementor-tab-title-2609\" class=\"elementor-tab-title\" data-tab=\"9\" role=\"button\" aria-controls=\"elementor-tab-content-2609\" aria-expanded=\"false\">\n\t\t\t\t\t\t\t\t\t\t\t\t\t<span class=\"elementor-accordion-icon elementor-accordion-icon-right\" aria-hidden=\"true\">\n\t\t\t\t\t\t\t\t\t\t\t\t\t\t\t<span class=\"elementor-accordion-icon-closed\"><i class=\"fas fa-plus\"><\/i><\/span>\n\t\t\t\t\t\t\t\t<span class=\"elementor-accordion-icon-opened\"><i class=\"fas fa-minus\"><\/i><\/span>\n\t\t\t\t\t\t\t\t\t\t\t\t\t\t<\/span>\n\t\t\t\t\t\t\t\t\t\t\t\t<a class=\"elementor-accordion-title\" tabindex=\"0\">What if plans have changed?<\/a>\n\t\t\t\t\t<\/div>\n\t\t\t\t\t<div id=\"elementor-tab-content-2609\" class=\"elementor-tab-content elementor-clearfix\" data-tab=\"9\" role=\"region\" aria-labelledby=\"elementor-tab-title-2609\"><div class=\"sppb-panel-collapse\"><div class=\"sppb-panel-body\"><div id=\"sppb-addon-1545491571311\" class=\"clearfix\"><div class=\"sppb-addon sppb-addon-text-block 0\"><div class=\"sppb-addon-content\"><p>Have your plans changed and you can no longer come? Just call and let me know so I don't have to wait.<\/p>Susitikome ir supratote, kad nesu J\u016bs\u0173 skonio? Vos susitikome ir sulauk\u0117te netik\u0117to skambu\u010dio? Jeigu susitikimas vyksta pas mane, tiesiog atsipra\u0161ykite ir vienas kitam nesame nieko skolingi. Jeigu a\u0161 atvykau pas Jus, tiesiog papra\u0161yti kompensuoti kelion\u0119 (kelion\u0117s laikas\u00a0 lemia, kad vizitas pas Jus kainuoja 50\/100 Eur daugiau). Pasikeit\u0117 planai ir tenka atsisakyti i\u0161 anksto planuoto vizito su i\u0161ankstine rezervacija? Jeigu kei\u010diasi i\u0161 anksto sutartas susitikimo laikas \u2013 skambinkite susitarsime d\u0117l kitos, abiem patogios, galimyb\u0117s.<\/div><\/div><\/div><\/div><\/div><\/div>\n\t\t\t\t<\/div>\n\t\t\t\t\t\t\t<div class=\"elementor-accordion-item\">\n\t\t\t\t\t<div id=\"elementor-tab-title-26010\" class=\"elementor-tab-title\" data-tab=\"10\" role=\"button\" aria-controls=\"elementor-tab-content-26010\" aria-expanded=\"false\">\n\t\t\t\t\t\t\t\t\t\t\t\t\t<span class=\"elementor-accordion-icon elementor-accordion-icon-right\" aria-hidden=\"true\">\n\t\t\t\t\t\t\t\t\t\t\t\t\t\t\t<span class=\"elementor-accordion-icon-closed\"><i class=\"fas fa-plus\"><\/i><\/span>\n\t\t\t\t\t\t\t\t<span class=\"elementor-accordion-icon-opened\"><i class=\"fas fa-minus\"><\/i><\/span>\n\t\t\t\t\t\t\t\t\t\t\t\t\t\t<\/span>\n\t\t\t\t\t\t\t\t\t\t\t\t<a class=\"elementor-accordion-title\" tabindex=\"0\">What if she doesn't like me?<\/a>\n\t\t\t\t\t<\/div>\n\t\t\t\t\t<div id=\"elementor-tab-content-26010\" class=\"elementor-tab-content elementor-clearfix\" data-tab=\"10\" role=\"region\" aria-labelledby=\"elementor-tab-title-26010\"><p>Tikrai neprivalote b\u016bti gra\u017euolis su Apolono fig\u016bra ir Brado Pito \u0161ypsena. Gra\u017eioji lytis esame mes \u2013 moterys. Vyrui u\u017etenka, kad jis b\u016bt\u0173 nors \u0161iek tiek gra\u017eesnis u\u017e be\u017ed\u017eion\u0119. \ud83d\ude00 Na, o kalbant atvirai, jeigu b\u016bsite tvarkingas, blaivas ir mandagus \u2013 J\u016bs tikrai man patiksite. Ir vice versa \u2013 jeigu b\u016bsite girtas, apsvaig\u0119s nuo narkotini\u0173 med\u017eiag\u0173 ar grubus, tuomet tik\u0117tina, kad i\u0161girsite mandag\u0173 pra\u0161ym\u0105 pasi\u0161alinti.<\/p><\/div>\n\t\t\t\t<\/div>\n\t\t\t\t\t\t\t<div class=\"elementor-accordion-item\">\n\t\t\t\t\t<div id=\"elementor-tab-title-26011\" class=\"elementor-tab-title\" data-tab=\"11\" role=\"button\" aria-controls=\"elementor-tab-content-26011\" aria-expanded=\"false\">\n\t\t\t\t\t\t\t\t\t\t\t\t\t<span class=\"elementor-accordion-icon elementor-accordion-icon-right\" aria-hidden=\"true\">\n\t\t\t\t\t\t\t\t\t\t\t\t\t\t\t<span class=\"elementor-accordion-icon-closed\"><i class=\"fas fa-plus\"><\/i><\/span>\n\t\t\t\t\t\t\t\t<span class=\"elementor-accordion-icon-opened\"><i class=\"fas fa-minus\"><\/i><\/span>\n\t\t\t\t\t\t\t\t\t\t\t\t\t\t<\/span>\n\t\t\t\t\t\t\t\t\t\t\t\t<a class=\"elementor-accordion-title\" tabindex=\"0\">Where can I read more about escort girls?<\/a>\n\t\t\t\t\t<\/div>\n\t\t\t\t\t<div id=\"elementor-tab-content-26011\" class=\"elementor-tab-content elementor-clearfix\" data-tab=\"11\" role=\"region\" aria-labelledby=\"elementor-tab-title-26011\"><p>You can read it in English here:<\/p><p><a href=\"http:\/\/sex.perkel.com\/escort\/faq.htm\">http:\/\/sex.perkel.com\/escort\/faq.htm<\/a> <br \/><a href=\"https:\/\/nightingaleexclusive.com\/en\/high-class-escortservice\/faq\">https:\/\/nightingaleexclusive.com\/en\/high-class-escortservice\/faq<\/a><\/p><\/div>\n\t\t\t\t<\/div>\n\t\t\t\t\t\t\t\t<\/div>\n\t\t\t\t\t\t<\/div>\n\t\t\t\t<\/div>\n\t\t\t\t\t<\/div>\n\t\t<\/div>\n\t\t\t\t\t<\/div>\n\t\t<\/section>\n\t\t\t\t<\/div>","protected":false},"excerpt":{"rendered":"<p>Da\u017eniausiai u\u017eduodami klausimai Tikiuosi, kad \u0161ioje skiltyje rasite atsakymus \u012f Jus dominan\u010dius klausimus. Prie\u0161ingu atveju visada galite paskambinti ir pasiteirauti tiesiogiai. Paslaugos Kaip d\u0117l konfidencialumo? Ar esate diskreti\u0161ka? Suvokiu konfidencialumo svarb\u0105 bei to paties tikiuosi i\u0161 J\u016bs\u0173. Galite b\u016bti 100 % u\u017etikrintas, kad liksiu diskreti\u0161ka. Kas nutiks tarp m\u016bs\u0173 abiej\u0173, tas ir liks tarp m\u016bs\u0173. Vertinu savo privatum\u0105, tod\u0117l mano asmeninis gyvenimas ir romanti\u0161ki pasimatymai yra dvi atskiros sritys. Dalis mano klient\u0173 yra visuomen\u0117je gerai \u017einomi \u017emon\u0117s ir apie m\u016bs\u0173 slaptus pasimatymus i\u0161 man\u0119s tikrai niekas nesu\u017eino. Ar apsilankyti pas Jus b\u016bt\u0173 saugu ir patogu? I\u0161 vyr\u0173 neretai i\u0161girstu istorij\u0173 apie ne itin maloniu nuotykius, \u012f kuriuos jiems yra tek\u0119 \u012fsivelti ie\u0161kant erotinio masa\u017eo bei eskorto paslaug\u0173 kitur. Vagyst\u0117s, dingimai po avansini\u0173 mok\u0117jim\u0173, slaptai daryti video \u012fra\u0161ai ir \u0161anta\u017eas, istorijos su kvai\u0161alais, landynes primenantys \u201eplotai\u201c, juose buv\u0119 pa\u0161aliniai asmenys (vaikai, suteneriai) ir t.t.. \u00a0Deja, ta\u010diau visuomen\u0117s neretai vis dar stigmatizuotoje erotini\u0173 paslaug\u0173 srityje \u012fvairiausi ne itin malon\u016bs incidentai teb\u0117ra da\u017eni. Tod\u0117l j\u016bs\u0173 susir\u016bpinim\u0105 saugumu puikiai suprantu. A\u0161 dirbu s\u0105\u017einingai ir man r\u016bpi mano reputacija. Galb\u016bt tod\u0117l s\u0117kmingai realizuoju save \u0161ioje srityje ir per visus metus netgi nebuvo poreikio keisti adres\u0105 ar telefono numer\u012f. Nedvejokite priimti kvietim\u0105 apsilankyti masa\u017eui arba romanti\u0161kam pasimatymui. Pasitiksiu Jus \u0161variuose, eleganti\u0161kuose ir stilingai \u012frengtuose apartamentuose miesto centre. Lengvas priva\u017eiavimas ir parkavimas (ofiso valandomis galimai teks sugai\u0161ti kelias minutes ie\u0161kant vietos prisiparkuoti). Pavai\u0161insiu gurmani\u0161ka kava arba arbata ir padovanosiu Jums savo nuostabi\u0105 \u0161ypsen\u0105. U\u017eburian\u010di\u0105 atmosfer\u0105 mano apartamentuose sukurs degan\u010dios \u017evak\u0117s, skambanti romanti\u0161ka muzika ir tik geriausio \u0161ilko patalyn\u0117, kurioje gal\u0117sime pasinerti \u012f svaiginan\u010dias aistras. Pasistengsiu, kad i\u0161eitum\u0117te laimingas, kupinas noro apsilankyti v\u0117l ir v\u0117l. Kod\u0117l tai darote? Ar patinka tai, k\u0105 darote? S\u0117kmingai realizuoju save profesin\u0117je srityje, kuri n\u0117ra susijusi su erotikos industrija, ta\u010diau senai svajodavau i\u0161bandyti save \u0161iame vaidmenyje. Galiausiai i\u0161dr\u012fsau \u012fgyvendinti savo fantazij\u0105 ir dabar man be galo patinka tai k\u0105 darau. M\u0117gaujuosi atrasdama save skirtinguose amplua, tame tarpe ir eskort\u0117s bei masa\u017euotojos vaidmenyse. Man tai yra daugiau negu tiesiog darbas, tod\u0117l visk\u0105 darau nuo\u0161ird\u017eiai ir su aistra. Galb\u016bt tame ir slypi mano s\u0117km\u0117s receptas? Galb\u016bt, tod\u0117l vyrai taip mielai pas mane gr\u012f\u017eta? Man patinka [&hellip;]<\/p>\n","protected":false},"author":1,"featured_media":0,"parent":0,"menu_order":0,"comment_status":"closed","ping_status":"closed","template":"","meta":{"footnotes":""},"class_list":["post-13635","page","type-page","status-publish","hentry"],"_links":{"self":[{"href":"https:\/\/lauravipescort.com\/en\/wp-json\/wp\/v2\/pages\/13635","targetHints":{"allow":["GET"]}}],"collection":[{"href":"https:\/\/lauravipescort.com\/en\/wp-json\/wp\/v2\/pages"}],"about":[{"href":"https:\/\/lauravipescort.com\/en\/wp-json\/wp\/v2\/types\/page"}],"author":[{"embeddable":true,"href":"https:\/\/lauravipescort.com\/en\/wp-json\/wp\/v2\/users\/1"}],"replies":[{"embeddable":true,"href":"https:\/\/lauravipescort.com\/en\/wp-json\/wp\/v2\/comments?post=13635"}],"version-history":[{"count":46,"href":"https:\/\/lauravipescort.com\/en\/wp-json\/wp\/v2\/pages\/13635\/revisions"}],"predecessor-version":[{"id":14618,"href":"https:\/\/lauravipescort.com\/en\/wp-json\/wp\/v2\/pages\/13635\/revisions\/14618"}],"wp:attachment":[{"href":"https:\/\/lauravipescort.com\/en\/wp-json\/wp\/v2\/media?parent=13635"}],"curies":[{"name":"wp","href":"https:\/\/api.w.org\/{rel}","templated":true}]}}