{"id":13796,"date":"2023-06-19T11:16:28","date_gmt":"2023-06-19T11:16:28","guid":{"rendered":"http:\/\/lauravipescort.com\/?page_id=13796"},"modified":"2023-09-05T17:19:14","modified_gmt":"2023-09-05T17:19:14","slug":"kainos","status":"publish","type":"page","link":"https:\/\/lauravipescort.com\/en\/kainos\/","title":{"rendered":"Prices"},"content":{"rendered":"<div data-elementor-type=\"wp-page\" data-elementor-id=\"13796\" class=\"elementor elementor-13796\">\n\t\t\t\t\t\t<section class=\"elementor-section elementor-top-section elementor-element elementor-element-2faf117 elementor-section-full_width elementor-section-height-default elementor-section-height-default\" data-id=\"2faf117\" data-element_type=\"section\" data-e-type=\"section\">\n\t\t\t\t\t\t<div class=\"elementor-container elementor-column-gap-default\">\n\t\t\t\t\t<div class=\"elementor-column elementor-col-100 elementor-top-column elementor-element elementor-element-4930f98\" data-id=\"4930f98\" data-element_type=\"column\" data-e-type=\"column\">\n\t\t\t<div class=\"elementor-widget-wrap elementor-element-populated\">\n\t\t\t\t\t\t<div class=\"elementor-element elementor-element-e65e7ab elementor-widget elementor-widget-text-editor\" data-id=\"e65e7ab\" data-element_type=\"widget\" data-e-type=\"widget\" data-widget_type=\"text-editor.default\">\n\t\t\t\t<div class=\"elementor-widget-container\">\n\t\t\t\t\t\t\t\t\t<h1>Reservation<\/h1><p>Mano tvarkara\u0161tis lankstus, ta\u010diau susitikti paskutin\u0119 minut\u0119 gali b\u016bti sud\u0117tinga. Rekomenduojama laik\u0105 rezervuoti i\u0161 anksto. Kadangi a\u0161 esu visi\u0161kai nepriklausoma \u2013 kontaktuosite tiesiogiai su manimi.<\/p><h1>Prices<\/h1><table width=\"100%\"><tbody><tr><td>\u00a0<\/td><td>If you are coming<\/td><td>If I come to you (Vilnius)<\/td><td>If I come to you (Europe)<\/td><\/tr><tr><td>1h<\/td><td>250 Eur<\/td><td>300 Eur<\/td><td>-<\/td><\/tr><tr><td>2h<\/td><td>400 Eur<\/td><td>500 Eur<\/td><td>-<\/td><\/tr><tr><td>3h<\/td><td>600 Eur<\/td><td>700 Eur<\/td><td>-<\/td><\/tr><tr><td>Dinner + Dessert<\/td><td>-<\/td><td>700 Eur<\/td><td>-<\/td><\/tr><tr><td>Naktis (nuo 22:00 iki ryto)<\/td><td>1200 Eur<\/td><td>1200 Eur<\/td><td>-<\/td><\/tr><tr><td>24h<\/td><td>-<\/td><td>2200 Eur<\/td><td>2500 Eur<\/td><\/tr><tr><td>Weekend<br \/>*Extra day<\/td><td>-<br \/>-<\/td><td>3500 Eur<br \/>1000 Eur<\/td><td>3500 Eur<br \/>1000 Eur<\/td><\/tr><tr><td>1 week<\/td><td>-<\/td><td>Please inquire<\/td><td>Please inquire<\/td><\/tr><\/tbody><\/table><p><br \/><strong>Naktinis kariras: 1 val +100 eu<\/strong><\/p><h1>Payment methods<\/h1><p>\u2605\u00a0<strong>When arriving without prior reservation:<\/strong>\u00a0you can pay in cash on arrival.<br \/>\u2605\u00a0<strong>Advance reservation:\u00a0<\/strong>if possible, 30 percent you have to pay as a deposit, the rest can be paid upon arrival.<br \/>\u2605\u00a0<strong>If I come to you in Vilnius:<\/strong>\u00a0if possible, the travel expenses (50 EUR) should be paid at the time of booking, the rest can be paid upon arrival.<br \/>\u2605\u00a0<strong>International visits<\/strong>: A 30% deposit + travel expenses when booking and the rest in cash upon meeting.<\/p><p>Kai kuriais atvejais rezervacija ir vizitai \u012f kuriuos a\u0161 pati atvykstu gali b\u016bti ir be depozito. Jeigu man bus patogu \u2013 a\u0161 rezervuosiu savo laik\u0105 Tau bet kokiu atveju. Jeigu J\u016bs esate Vilniuje ir laikas puikiai atitiks, a\u0161 galiu atvykti aplankyti J\u016bs\u0173.<\/p><p>Jeigu J\u016bs dar nesate mano pastovus ir patikimas klientas, depozitas garantuoja, kad laikas rezervuotas Jums, arba a\u0161 atvyksiu pas Jus.<\/p><p>For international visitors, the deposit is\u00a0<strong>NECESSARY<\/strong>. Please note that I will not be able to book a flight or plan a trip without a deposit. 30 percent deposit + travel expenses for my first time customer must be paid in advance as reservation and flight booking.<\/p><p>*The purpose of payment<br \/><em>Money transfer for legal and professional massage, entertainment and companionship services. Everything else that can happen is a personal matter of the wishes of two adults, for which there is not and will not be a contract.<\/em><strong><br \/><br \/>ATSISKAITYMAI TIK GRYNAIS<\/strong><\/p>\t\t\t\t\t\t\t\t<\/div>\n\t\t\t\t<\/div>\n\t\t\t\t\t<\/div>\n\t\t<\/div>\n\t\t\t\t\t<\/div>\n\t\t<\/section>\n\t\t\t\t<\/div>","protected":false},"excerpt":{"rendered":"<p>Rezervacija Mano tvarkara\u0161tis lankstus, ta\u010diau susitikti paskutin\u0119 minut\u0119 gali b\u016bti sud\u0117tinga. Rekomenduojama laik\u0105 rezervuoti i\u0161 anksto. Kadangi a\u0161 esu visi\u0161kai nepriklausoma \u2013 kontaktuosite tiesiogiai su manimi. Kainos \u00a0 Jeigu atvykstate Jeigu a\u0161 atvykstu pas Jus (Vilnius) Jeigu a\u0161 atvykstu pas Jus (Europa) 1h 250 Eur 300 Eur n\/a 2h 400 Eur 500 Eur n\/a 3h 600 Eur 700 Eur n\/a Vakarien\u0117 + Desertas n\/a 700 Eur n\/a Naktis (nuo 22:00 iki ryto) 1200 Eur 1200 Eur n\/a 24h n\/a 2200 Eur 2500 Eur Savaitgalis*Papildoma diena n\/an\/a 3500 Eur1000 Eur 3500 Eur1000 Eur 1 savait\u0117 n\/a Teiraukit\u0117s Teiraukit\u0117s Naktinis kariras: 1 val +100 eu Atsiskaitymo b\u016bdai \u2605\u00a0Atvykstant be i\u0161ankstin\u0117s rezervacijos:\u00a0atvykus galite sumok\u0117ti grynais.\u2605\u00a0I\u0161ankstin\u0117 rezervacija:\u00a0jeigu \u012fmanoma, 30 proc. sutartos sumos turite sumok\u0117ti, kaip depozit\u0105, likusius gal\u0117site sumok\u0117ti atvyk\u0119.\u2605\u00a0Jeigu a\u0161 atvykstu pas Jus Vilniaus mieste:\u00a0jeigu \u012fmanoma, kelion\u0117s i\u0161laidos (50 Eur) tur\u0117t\u0173 b\u016bti apmok\u0117tos rezervuojantis, likusius galima sumok\u0117ti atvykus.\u2605\u00a0Tarptautiniai vizitai: A 30 % depozitas + kelion\u0117s i\u0161laidos rezervuojantis, o likusius grynais susitikus. Kai kuriais atvejais rezervacija ir vizitai \u012f kuriuos a\u0161 pati atvykstu gali b\u016bti ir be depozito. Jeigu man bus patogu \u2013 a\u0161 rezervuosiu savo laik\u0105 Tau bet kokiu atveju. Jeigu J\u016bs esate Vilniuje ir laikas puikiai atitiks, a\u0161 galiu atvykti aplankyti J\u016bs\u0173. Jeigu J\u016bs dar nesate mano pastovus ir patikimas klientas, depozitas garantuoja, kad laikas rezervuotas Jums, arba a\u0161 atvyksiu pas Jus. Tarptautiniams vizitas depozitas yra\u00a0B\u016aTINAS. Tur\u0117kite omenyje, jog a\u0161 negal\u0117siu u\u017esisakyti skryd\u017eio ar suplanuoti kelion\u0117s be depozito. 30 proc. depozitas + kelion\u0117s i\u0161laidos esant pirm\u0105 kart\u0105 mano klientu, turi b\u016bti i\u0161 anksto apmok\u0117tos kaip rezervacija ir skryd\u017eio u\u017esakymas. *Mok\u0117jimo paskirtisPinig\u0173 perlaida u\u017e legalias ir profesionalias masa\u017eavimo, laiko praleidimo ir kompanijos palaikymo paslaugas. Visa kita kas gali \u012fvykti yra asmeninis dviej\u0173 suaugusi\u0173 \u017emoni\u0173 pageidavimo reikalas, kuriam n\u0117ra ir nebus sudaroma sutartis. ATSISKAITYMAI TIK GRYNAIS<\/p>","protected":false},"author":1,"featured_media":0,"parent":0,"menu_order":0,"comment_status":"closed","ping_status":"closed","template":"","meta":{"footnotes":""},"class_list":["post-13796","page","type-page","status-publish","hentry"],"_links":{"self":[{"href":"https:\/\/lauravipescort.com\/en\/wp-json\/wp\/v2\/pages\/13796","targetHints":{"allow":["GET"]}}],"collection":[{"href":"https:\/\/lauravipescort.com\/en\/wp-json\/wp\/v2\/pages"}],"about":[{"href":"https:\/\/lauravipescort.com\/en\/wp-json\/wp\/v2\/types\/page"}],"author":[{"embeddable":true,"href":"https:\/\/lauravipescort.com\/en\/wp-json\/wp\/v2\/users\/1"}],"replies":[{"embeddable":true,"href":"https:\/\/lauravipescort.com\/en\/wp-json\/wp\/v2\/comments?post=13796"}],"version-history":[{"count":10,"href":"https:\/\/lauravipescort.com\/en\/wp-json\/wp\/v2\/pages\/13796\/revisions"}],"predecessor-version":[{"id":14582,"href":"https:\/\/lauravipescort.com\/en\/wp-json\/wp\/v2\/pages\/13796\/revisions\/14582"}],"wp:attachment":[{"href":"https:\/\/lauravipescort.com\/en\/wp-json\/wp\/v2\/media?parent=13796"}],"curies":[{"name":"wp","href":"https:\/\/api.w.org\/{rel}","templated":true}]}}